{"id":10,"date":"2021-05-11T13:06:04","date_gmt":"2021-05-11T13:06:04","guid":{"rendered":"http:\/\/imm-mg.com\/?page_id=10"},"modified":"2026-01-16T08:20:12","modified_gmt":"2026-01-16T08:20:12","slug":"a-propos","status":"publish","type":"page","link":"https:\/\/imm-mg.com\/en\/a-propos\/","title":{"rendered":"About us"},"content":{"rendered":"<p>[et_pb_section fb_built=\u00a0\u00bb1&Prime; specialty=\u00a0\u00bbon\u00a0\u00bb _builder_version=\u00a0\u00bb4.9.4&Prime; _module_preset=\u00a0\u00bbdefault\u00a0\u00bb width=\u00a0\u00bb100%\u00a0\u00bb max_width=\u00a0\u00bb100%\u00a0\u00bb custom_margin=\u00a0\u00bb||90px||false|false\u00a0\u00bb][et_pb_column type=\u00a0\u00bb1_2&Prime; _builder_version=\u00a0\u00bb3.25&Prime; custom_padding=\u00a0\u00bb|||\u00a0\u00bb custom_padding__hover=\u00a0\u00bb|||\u00a0\u00bb][et_pb_image src=\u00a0\u00bbhttps:\/\/imm-mg.com\/wp-content\/uploads\/2021\/05\/AROVY-17.06-47-min-scaled-1.jpg\u00a0\u00bb title_text=\u00a0\u00bbAROVY 17.06 (47)-min\u00a0\u00bb _builder_version=\u00a0\u00bb4.9.4&Prime; _module_preset=\u00a0\u00bbdefault\u00a0\u00bb custom_margin=\u00a0\u00bb|50px||-50px|false|false\u00a0\u00bb][\/et_pb_image][et_pb_image src=\u00a0\u00bbhttps:\/\/imm-mg.com\/wp-content\/uploads\/2021\/05\/AROVY-17.06-43-min-scaled-1.jpg\u00a0\u00bb title_text=\u00a0\u00bbAROVY 17.06 (43)-min\u00a0\u00bb _builder_version=\u00a0\u00bb4.9.4&Prime; _module_preset=\u00a0\u00bbdefault\u00a0\u00bb custom_margin=\u00a0\u00bb-60px|||0px|false|false\u00a0\u00bb][\/et_pb_image][et_pb_text _builder_version=\u00a0\u00bb4.9.4&Prime; _module_preset=\u00a0\u00bbdefault\u00a0\u00bb text_font_size=\u00a0\u00bb13px\u00a0\u00bb header_font=\u00a0\u00bbMontserrat|800|||||||\u00a0\u00bb header_text_align=\u00a0\u00bbleft\u00a0\u00bb header_text_color=\u00a0\u00bb#FFFFFF\u00a0\u00bb header_font_size=\u00a0\u00bb41px\u00a0\u00bb background_color=\u00a0\u00bb#154b9b\u00a0\u00bb width=\u00a0\u00bb49.5%\u00a0\u00bb min_height=\u00a0\u00bb95px\u00a0\u00bb custom_margin=\u00a0\u00bb-500px|15px|-66px|160px|false|false\u00a0\u00bb custom_padding=\u00a0\u00bb70px||70px|20px|false|false\u00a0\u00bb header_font_size_tablet=\u00a0\u00bb44px\u00a0\u00bb header_font_size_phone=\u00a0\u00bb27px\u00a0\u00bb header_font_size_last_edited=\u00a0\u00bbon|phone\u00a0\u00bb]<\/p>\n<h1>3 points<\/h1>\n<h1>about IMM<\/h1>\n<p>[\/et_pb_text][\/et_pb_column][et_pb_column type=\u00a0\u00bb1_2&Prime; specialty_columns=\u00a0\u00bb2&Prime; _builder_version=\u00a0\u00bb3.25&Prime; custom_padding=\u00a0\u00bb|||\u00a0\u00bb custom_padding__hover=\u00a0\u00bb|||\u00a0\u00bb][et_pb_row_inner _builder_version=\u00a0\u00bb4.9.4&Prime; _module_preset=\u00a0\u00bbdefault\u00a0\u00bb custom_margin_tablet=\u00a0\u00bb300px||||false|false\u00a0\u00bb custom_margin_phone=\u00a0\u00bb\u00a0\u00bb custom_margin_last_edited=\u00a0\u00bbon|phone\u00a0\u00bb custom_padding=\u00a0\u00bb||||false|false\u00a0\u00bb][et_pb_column_inner saved_specialty_column_type=\u00a0\u00bb1_2&Prime; _builder_version=\u00a0\u00bb4.9.4&Prime; _module_preset=\u00a0\u00bbdefault\u00a0\u00bb][et_pb_text _builder_version=\u00a0\u00bb4.9.4&Prime; _module_preset=\u00a0\u00bbdefault\u00a0\u00bb text_font=\u00a0\u00bbAvenir Next Regular||||||||\u00a0\u00bb header_3_text_color=\u00a0\u00bb#748ba1&Prime; hover_enabled=\u00a0\u00bb0&Prime; sticky_enabled=\u00a0\u00bb0&Prime;]<\/p>\n<h3><strong>Historique<\/strong><\/h3>\n<ul>\n<li>L\u2019institut M\u00e9dical de Madagascar a \u00e9t\u00e9 con\u00e7u et pr\u00e9par\u00e9 depuis 1999<\/li>\n<li>Il a ouvert ses portes en 2009<\/li>\n<li>A partir de 2019, l&rsquo;IMM a proc\u00e9d\u00e9 \u00e0 un renouvellement de ses appareils d&rsquo;imagerie.<\/li>\n<li>L&rsquo;ann\u00e9e 2022 a \u00e9t\u00e9 marqu\u00e9e par l&rsquo;arriv\u00e9e de l&rsquo;IRM.<\/li>\n<li>L&rsquo;IMM a obtenu le statut de clinique priv\u00e9<\/li>\n<\/ul>\n<h3><strong>Nos principes et valeurs<\/strong><\/h3>\n<ul>\n<li>Respond to your request as soon as possible<\/li>\n<li>To make a precise diagnosis of your health condition<\/li>\n<li>Assurer un suivi m\u00e9dical rigoureux (24heures\/24 et 7jours\/7)<\/li>\n<li>To carry out a policy of continuous improvement of our practices<\/li>\n<li>To remain attentive to our patients' needs<\/li>\n<\/ul>\n<p>&nbsp;<\/p>\n<h3><strong>Acc\u00e8s facile au soin<\/strong><\/h3>\n<p>Pour assurer votre bien-\u00eatre et votre confort, une \u00e9quipe m\u00e9dicale est disponible sur place.<\/p>\n<p>[\/et_pb_text][\/et_pb_column_inner][\/et_pb_row_inner][\/et_pb_column][\/et_pb_section]<\/p>","protected":false},"excerpt":{"rendered":"<p>[et_pb_section fb_built=\u00a0\u00bb1&Prime; specialty=\u00a0\u00bbon\u00a0\u00bb _builder_version=\u00a0\u00bb4.9.4&Prime; _module_preset=\u00a0\u00bbdefault\u00a0\u00bb width=\u00a0\u00bb100%\u00a0\u00bb max_width=\u00a0\u00bb100%\u00a0\u00bb custom_margin=\u00a0\u00bb||90px||false|false\u00a0\u00bb][et_pb_column type=\u00a0\u00bb1_2&Prime; _builder_version=\u00a0\u00bb3.25&Prime; custom_padding=\u00a0\u00bb|||\u00a0\u00bb custom_padding__hover=\u00a0\u00bb|||\u00a0\u00bb][et_pb_image src=\u00a0\u00bbhttps:\/\/imm-mg.com\/wp-content\/uploads\/2021\/05\/AROVY-17.06-47-min-scaled-1.jpg\u00a0\u00bb title_text=\u00a0\u00bbAROVY 17.06 (47)-min\u00a0\u00bb _builder_version=\u00a0\u00bb4.9.4&Prime; _module_preset=\u00a0\u00bbdefault\u00a0\u00bb custom_margin=\u00a0\u00bb|50px||-50px|false|false\u00a0\u00bb][\/et_pb_image][et_pb_image src=\u00a0\u00bbhttps:\/\/imm-mg.com\/wp-content\/uploads\/2021\/05\/AROVY-17.06-43-min-scaled-1.jpg\u00a0\u00bb title_text=\u00a0\u00bbAROVY 17.06 (43)-min\u00a0\u00bb _builder_version=\u00a0\u00bb4.9.4&Prime; _module_preset=\u00a0\u00bbdefault\u00a0\u00bb custom_margin=\u00a0\u00bb-60px|||0px|false|false\u00a0\u00bb][\/et_pb_image][et_pb_text _builder_version=\u00a0\u00bb4.9.4&Prime; _module_preset=\u00a0\u00bbdefault\u00a0\u00bb text_font_size=\u00a0\u00bb13px\u00a0\u00bb header_font=\u00a0\u00bbMontserrat|800|||||||\u00a0\u00bb header_text_align=\u00a0\u00bbleft\u00a0\u00bb header_text_color=\u00a0\u00bb#FFFFFF\u00a0\u00bb header_font_size=\u00a0\u00bb41px\u00a0\u00bb background_color=\u00a0\u00bb#154b9b\u00a0\u00bb width=\u00a0\u00bb49.5%\u00a0\u00bb min_height=\u00a0\u00bb95px\u00a0\u00bb custom_margin=\u00a0\u00bb-500px|15px|-66px|160px|false|false\u00a0\u00bb custom_padding=\u00a0\u00bb70px||70px|20px|false|false\u00a0\u00bb header_font_size_tablet=\u00a0\u00bb44px\u00a0\u00bb header_font_size_phone=\u00a0\u00bb27px\u00a0\u00bb header_font_size_last_edited=\u00a0\u00bbon|phone\u00a0\u00bb] 3 points sur IMM [\/et_pb_text][\/et_pb_column][et_pb_column type=\u00a0\u00bb1_2&Prime; specialty_columns=\u00a0\u00bb2&Prime; _builder_version=\u00a0\u00bb3.25&Prime; custom_padding=\u00a0\u00bb|||\u00a0\u00bb custom_padding__hover=\u00a0\u00bb|||\u00a0\u00bb][et_pb_row_inner _builder_version=\u00a0\u00bb4.9.4&Prime; _module_preset=\u00a0\u00bbdefault\u00a0\u00bb custom_margin_tablet=\u00a0\u00bb300px||||false|false\u00a0\u00bb custom_margin_phone=\u00a0\u00bb\u00a0\u00bb [&hellip;]<\/p>","protected":false},"author":1,"featured_media":0,"parent":0,"menu_order":0,"comment_status":"closed","ping_status":"closed","template":"","meta":{"_et_pb_use_builder":"on","_et_pb_old_content":"<!-- wp:divi\/placeholder \/-->","_et_gb_content_width":"","footnotes":""},"class_list":["post-10","page","type-page","status-publish","hentry"],"_links":{"self":[{"href":"https:\/\/imm-mg.com\/en\/wp-json\/wp\/v2\/pages\/10","targetHints":{"allow":["GET"]}}],"collection":[{"href":"https:\/\/imm-mg.com\/en\/wp-json\/wp\/v2\/pages"}],"about":[{"href":"https:\/\/imm-mg.com\/en\/wp-json\/wp\/v2\/types\/page"}],"author":[{"embeddable":true,"href":"https:\/\/imm-mg.com\/en\/wp-json\/wp\/v2\/users\/1"}],"replies":[{"embeddable":true,"href":"https:\/\/imm-mg.com\/en\/wp-json\/wp\/v2\/comments?post=10"}],"version-history":[{"count":19,"href":"https:\/\/imm-mg.com\/en\/wp-json\/wp\/v2\/pages\/10\/revisions"}],"predecessor-version":[{"id":6917,"href":"https:\/\/imm-mg.com\/en\/wp-json\/wp\/v2\/pages\/10\/revisions\/6917"}],"wp:attachment":[{"href":"https:\/\/imm-mg.com\/en\/wp-json\/wp\/v2\/media?parent=10"}],"curies":[{"name":"wp","href":"https:\/\/api.w.org\/{rel}","templated":true}]}}